{"id":4249,"date":"2025-02-11T12:49:22","date_gmt":"2025-02-11T12:49:22","guid":{"rendered":"https:\/\/agrarvideos-schwaben.de\/?post_type=product&#038;p=4249"},"modified":"2025-02-12T10:25:26","modified_gmt":"2025-02-12T10:25:26","slug":"turbo-marktoberdorf","status":"publish","type":"product","link":"https:\/\/agrarvideos-schwaben.de\/index.php\/produkt\/turbo-marktoberdorf\/","title":{"rendered":"Turbo aus Marktoberdorf"},"content":{"rendered":"\t\t<div data-elementor-type=\"wp-post\" data-elementor-id=\"4249\" class=\"elementor elementor-4249\" data-elementor-post-type=\"product\">\n\t\t\t\t\t\t<section class=\"elementor-section elementor-top-section elementor-element elementor-element-2e4e7061 elementor-section-boxed elementor-section-height-default elementor-section-height-default\" data-id=\"2e4e7061\" data-element_type=\"section\" data-e-type=\"section\">\n\t\t\t\t\t\t<div class=\"elementor-container elementor-column-gap-default\">\n\t\t\t\t\t<div class=\"elementor-column elementor-col-100 elementor-top-column elementor-element elementor-element-4890afc4\" data-id=\"4890afc4\" data-element_type=\"column\" data-e-type=\"column\">\n\t\t\t<div class=\"elementor-widget-wrap elementor-element-populated\">\n\t\t\t\t\t\t<div class=\"elementor-element elementor-element-2abc87b2 elementor-widget__width-initial elementor-widget elementor-widget-text-editor\" data-id=\"2abc87b2\" data-element_type=\"widget\" data-e-type=\"widget\" data-widget_type=\"text-editor.default\">\n\t\t\t\t<div class=\"elementor-widget-container\">\n\t\t\t\t\t\t\t\t\t<div><u style=\"font-variant-caps: normal; font-family: Arial, Helvetica, sans-serif; font-size: 17px; font-style: normal; font-weight: 600;\">T-Shirt:<\/u><\/div><ul style=\"font-variant-caps: normal; font-family: Arial, Helvetica, sans-serif; font-size: 17px; font-style: normal; font-weight: 600; list-style-position: outside; list-style-type: disc;\"><li style=\"font-size: 17px;\">Schwarzes T-Shirt mit Brustprint auf der Vorderseite<\/li><li style=\"font-size: 17px;\">Langer und schmaler Schnitt\u00a0<\/li><li style=\"font-size: 17px;\">100% Baumwolle<\/li><li style=\"font-size: 17px;\">200 gsm<\/li><li style=\"font-size: 17px;\">Rippb\u00fcndchen am Halsausschnitt und Doppeln\u00e4hte am Saum<\/li><li style=\"font-size: 17px;\">Komfortable, weiche Innenseiten f\u00fcr einen angenehmen Tragekomfort<\/li><li style=\"font-size: 17px;\">Die Kleidung wird in der hauseigenen Druckerei auf Bestellung gedruckt.<br \/>Hab bitte Verst\u00e4ndnis f\u00fcr eine etwas l\u00e4ngere Lieferzeit. (5-14 Tage)<\/li><li style=\"font-size: 17px;\">Waschempfehlung: 30 Grad, auf links gedreht, nicht in den Trockner<\/li><\/ul><div>\u00a0<\/div><div>Kids T-Shirt<\/div><div><ul><li style=\"font-variant-caps: normal; font-family: Arial, Helvetica, sans-serif; font-size: 17px; font-style: normal; font-weight: 600;\">Schwarzes T-Shirt mit Brustprint auf der Vorderseite<\/li><li style=\"font-variant-caps: normal; font-family: Arial, Helvetica, sans-serif; font-size: 17px; font-style: normal; font-weight: 600;\">Bequemer Schnitt\u00a0<\/li><li style=\"font-variant-caps: normal; font-family: Arial, Helvetica, sans-serif; font-size: 17px; font-style: normal; font-weight: 600;\">100% Baumwolle<\/li><li style=\"font-variant-caps: normal; font-family: Arial, Helvetica, sans-serif; font-size: 17px; font-style: normal; font-weight: 600;\">200 gsm<\/li><li style=\"font-variant-caps: normal; font-family: Arial, Helvetica, sans-serif; font-size: 17px; font-style: normal; font-weight: 600;\">Die Kleidung wird in der hauseigenen Druckerei auf Bestellung gedruckt.<br \/>Hab bitte Verst\u00e4ndnis f\u00fcr eine etwas l\u00e4ngere Lieferzeit. (5-14 Tage)<\/li><li style=\"font-variant-caps: normal; font-family: Arial, Helvetica, sans-serif; font-size: 17px; font-style: normal; font-weight: 600;\">Waschempfehlung: 30 Grad, auf links gedreht, nicht in den Trockner<\/li><\/ul><div>\u00a0<\/div><div>\u00a0<\/div><\/div><div><p><u>HOODIE:<\/u><\/p><p style=\"font-variant-caps: normal; font-family: Arial, Helvetica, sans-serif; font-size: 17px; font-style: normal; font-weight: 600;\"><span style=\"color: #ff0000; font-size: 17px;\">Checkt die Gr\u00f6\u00dfentabelle. Der Schnitt der Hoodies ist relativ stramm! Wenn ihr nen lockeren Sitz haben wollt, oder ein bisschen mehr auf den Rippen habt, b<\/span><span style=\"color: #ff0000; font-size: 17px;\">estellt den Hoodie unbedingt eine Nummer gr\u00f6\u00dfer.<\/span><\/p><ul style=\"font-variant-caps: normal; font-family: Arial, Helvetica, sans-serif; font-size: 17px; font-style: normal; font-weight: 600; list-style-position: outside; list-style-type: disc;\"><li style=\"font-size: 17px;\">Schwarzer Hoodie\u00a0mit Brustprint auf der Vorderseite.<\/li><li style=\"font-size: 17px;\">Der l\u00e4ssige und sportliche Schnitt geht eine m\u00fchelose Verbindung zu den charakteristischen Details wie der\u00a0verstellbaren Kapuze oder der ger\u00e4umigen K\u00e4ngurutasche ein.<\/li><li style=\"font-size: 17px;\">Komfortable, weiche Innenseiten f\u00fcr einen angenehmen Tragekomfort<\/li><li style=\"font-size: 17px;\">Elastische\u00a0breite Rippb\u00fcndchen am Saum und den \u00c4rmelabschl\u00fcssen<\/li><li style=\"font-size: 17px;\">Stoffzusammensetzung 65 % Baumwolle | 35 % Polyester, Brushed Fleece, 300 gsm<\/li><li style=\"font-size: 17px;\">Die Kleidung wird in der hauseigenen Druckerei auf Bestellung von uns gedruckt.<br \/>Hab bitte Verst\u00e4ndnis f\u00fcr eine etwas l\u00e4ngere Lieferzeit. (5-14 Tage)<\/li><li style=\"font-size: 17px;\">Waschempfehlung: 30 Grad, auf links gedreht, nicht in den Trockner.<\/li><\/ul><div>\u00a0<\/div><\/div>\t\t\t\t\t\t\t\t<\/div>\n\t\t\t\t<\/div>\n\t\t\t\t\t<\/div>\n\t\t<\/div>\n\t\t\t\t\t<\/div>\n\t\t<\/section>\n\t\t\t\t<\/div>\n\t\t","protected":false},"excerpt":{"rendered":"<p>T-Shirt: Schwarzes T-Shirt mit Brustprint auf der Vorderseite Langer und schmaler Schnitt 100% Baumwolle 200 gsm Rippb\u00fcndchen am Halsausschnitt und Doppeln\u00e4hte am Saum Komfortable, weiche Innenseiten f\u00fcr einen angenehmen Tragekomfort Die Kleidung wird in der hauseigenen Druckerei auf Bestellung gedruckt. Hab bitte Verst\u00e4ndnis f\u00fcr eine etwas l\u00e4ngere Lieferzeit. (5-14 Tage) Waschempfehlung: 30 Grad, auf links [&hellip;]<\/p>\n","protected":false},"featured_media":4274,"template":"elementor_theme","meta":{"ocean_post_layout":"right-sidebar","ocean_both_sidebars_style":"","ocean_both_sidebars_content_width":0,"ocean_both_sidebars_sidebars_width":0,"ocean_sidebar":"search_sidebar","ocean_second_sidebar":"0","ocean_disable_margins":"enable","ocean_add_body_class":"","ocean_shortcode_before_top_bar":"","ocean_shortcode_after_top_bar":"","ocean_shortcode_before_header":"","ocean_shortcode_after_header":"","ocean_has_shortcode":"","ocean_shortcode_after_title":"","ocean_shortcode_before_footer_widgets":"","ocean_shortcode_after_footer_widgets":"","ocean_shortcode_before_footer_bottom":"","ocean_shortcode_after_footer_bottom":"","ocean_display_top_bar":"default","ocean_display_header":"default","ocean_header_style":"","ocean_center_header_left_menu":"0","ocean_custom_header_template":"0","ocean_custom_logo":0,"ocean_custom_retina_logo":0,"ocean_custom_logo_max_width":0,"ocean_custom_logo_tablet_max_width":0,"ocean_custom_logo_mobile_max_width":0,"ocean_custom_logo_max_height":0,"ocean_custom_logo_tablet_max_height":0,"ocean_custom_logo_mobile_max_height":0,"ocean_header_custom_menu":"0","ocean_menu_typo_font_family":"0","ocean_menu_typo_font_subset":"","ocean_menu_typo_font_size":0,"ocean_menu_typo_font_size_tablet":0,"ocean_menu_typo_font_size_mobile":0,"ocean_menu_typo_font_size_unit":"px","ocean_menu_typo_font_weight":"","ocean_menu_typo_font_weight_tablet":"","ocean_menu_typo_font_weight_mobile":"","ocean_menu_typo_transform":"","ocean_menu_typo_transform_tablet":"","ocean_menu_typo_transform_mobile":"","ocean_menu_typo_line_height":0,"ocean_menu_typo_line_height_tablet":0,"ocean_menu_typo_line_height_mobile":0,"ocean_menu_typo_line_height_unit":"","ocean_menu_typo_spacing":0,"ocean_menu_typo_spacing_tablet":0,"ocean_menu_typo_spacing_mobile":0,"ocean_menu_typo_spacing_unit":"","ocean_menu_link_color":"","ocean_menu_link_color_hover":"","ocean_menu_link_color_active":"","ocean_menu_link_background":"","ocean_menu_link_hover_background":"","ocean_menu_link_active_background":"","ocean_menu_social_links_bg":"","ocean_menu_social_hover_links_bg":"","ocean_menu_social_links_color":"","ocean_menu_social_hover_links_color":"","ocean_disable_title":"default","ocean_disable_heading":"default","ocean_post_title":"","ocean_post_subheading":"","ocean_post_title_style":"","ocean_post_title_background_color":"","ocean_post_title_background":0,"ocean_post_title_bg_image_position":"","ocean_post_title_bg_image_attachment":"","ocean_post_title_bg_image_repeat":"","ocean_post_title_bg_image_size":"","ocean_post_title_height":0,"ocean_post_title_bg_overlay":0.5,"ocean_post_title_bg_overlay_color":"","ocean_disable_breadcrumbs":"default","ocean_breadcrumbs_color":"","ocean_breadcrumbs_separator_color":"","ocean_breadcrumbs_links_color":"","ocean_breadcrumbs_links_hover_color":"","ocean_display_footer_widgets":"default","ocean_display_footer_bottom":"default","ocean_custom_footer_template":"0"},"product_brand":[],"product_cat":[17,112,60,62],"product_tag":[43,73,40,113,114,64,63,123,124],"class_list":{"0":"post-4249","1":"product","2":"type-product","3":"status-publish","4":"has-post-thumbnail","6":"product_cat-hoodies","7":"product_cat-kids","8":"product_cat-kleidung","9":"product_cat-t-shirt","10":"product_tag-agrarvideos-schwaben","11":"product_tag-fendt","12":"product_tag-hoodie","13":"product_tag-kids","14":"product_tag-kinder","15":"product_tag-kleidung","16":"product_tag-t-shirt","17":"product_tag-turbo","18":"product_tag-turbo-marktoberdorf","20":"entry","21":"has-media","23":"first","24":"instock","25":"taxable","26":"shipping-taxable","27":"purchasable","28":"product-type-variable","29":"has-product-nav","30":"col","31":"span_1_of_3","32":"owp-content-center","33":"item-entry","34":"owp-thumbs-layout-vertical","35":"owp-btn-very-big","36":"owp-tabs-layout-horizontal"},"jetpack_sharing_enabled":true,"_links":{"self":[{"href":"https:\/\/agrarvideos-schwaben.de\/index.php\/wp-json\/wp\/v2\/product\/4249","targetHints":{"allow":["GET"]}}],"collection":[{"href":"https:\/\/agrarvideos-schwaben.de\/index.php\/wp-json\/wp\/v2\/product"}],"about":[{"href":"https:\/\/agrarvideos-schwaben.de\/index.php\/wp-json\/wp\/v2\/types\/product"}],"version-history":[{"count":2,"href":"https:\/\/agrarvideos-schwaben.de\/index.php\/wp-json\/wp\/v2\/product\/4249\/revisions"}],"predecessor-version":[{"id":4272,"href":"https:\/\/agrarvideos-schwaben.de\/index.php\/wp-json\/wp\/v2\/product\/4249\/revisions\/4272"}],"wp:featuredmedia":[{"embeddable":true,"href":"https:\/\/agrarvideos-schwaben.de\/index.php\/wp-json\/wp\/v2\/media\/4274"}],"wp:attachment":[{"href":"https:\/\/agrarvideos-schwaben.de\/index.php\/wp-json\/wp\/v2\/media?parent=4249"}],"wp:term":[{"taxonomy":"product_brand","embeddable":true,"href":"https:\/\/agrarvideos-schwaben.de\/index.php\/wp-json\/wp\/v2\/product_brand?post=4249"},{"taxonomy":"product_cat","embeddable":true,"href":"https:\/\/agrarvideos-schwaben.de\/index.php\/wp-json\/wp\/v2\/product_cat?post=4249"},{"taxonomy":"product_tag","embeddable":true,"href":"https:\/\/agrarvideos-schwaben.de\/index.php\/wp-json\/wp\/v2\/product_tag?post=4249"}],"curies":[{"name":"wp","href":"https:\/\/api.w.org\/{rel}","templated":true}]}}