{"id":2353,"date":"2023-12-07T22:40:55","date_gmt":"2023-12-07T22:40:55","guid":{"rendered":"https:\/\/agrarvideos-schwaben.de\/?post_type=product&#038;p=2353"},"modified":"2025-04-06T15:41:38","modified_gmt":"2025-04-06T15:41:38","slug":"aufkleber-dicke-buden","status":"publish","type":"product","link":"https:\/\/agrarvideos-schwaben.de\/index.php\/produkt\/aufkleber-dicke-buden\/","title":{"rendered":"Aufkleber &#8222;Dicke Buden&#8220;"},"content":{"rendered":"\t\t<div data-elementor-type=\"product-post\" data-elementor-id=\"2353\" class=\"elementor elementor-2353\" data-elementor-post-type=\"product\">\n\t\t\t\t\t\t<section class=\"elementor-section elementor-top-section elementor-element elementor-element-78bb58cd elementor-section-boxed elementor-section-height-default elementor-section-height-default\" data-id=\"78bb58cd\" data-element_type=\"section\" data-e-type=\"section\">\n\t\t\t\t\t\t<div class=\"elementor-container elementor-column-gap-default\">\n\t\t\t\t\t<div class=\"elementor-column elementor-col-100 elementor-top-column elementor-element elementor-element-46f5b4f2\" data-id=\"46f5b4f2\" data-element_type=\"column\" data-e-type=\"column\">\n\t\t\t<div class=\"elementor-widget-wrap elementor-element-populated\">\n\t\t\t\t\t\t<div class=\"elementor-element elementor-element-5bdacfb0 elementor-widget elementor-widget-text-editor\" data-id=\"5bdacfb0\" data-element_type=\"widget\" data-e-type=\"widget\" data-widget_type=\"text-editor.default\">\n\t\t\t\t<div class=\"elementor-widget-container\">\n\t\t\t\t\t\t\t\t\t<p>Aufkleber &#8222;Dicke Buden&#8220;<\/p><p><span style=\"font-size: 17px;\">Mit unseren Stickern kannst du jede noch so wichtige Botschaft hinterlassen und auch ohne viele Worte dein passendes Statement an Ort und Stelle hinterlassen.<\/span><\/p><ul><li>Format: 74mm x 52mm. (Ein wenig kleiner als eine herk\u00f6mmliche EC-Karte) Passt somit in fast jeden Geldbeutel<\/li><li>Jetzt mit geschlitzter R\u00fcckseite f\u00fcr leichteres Abziehen<\/li><li>Starke Haftung<\/li><li>Hergestellt in Deutschland<\/li><\/ul><p>Farbe und Zuschnitt k\u00f6nnen durch produktionsbedingte Umst\u00e4nde abweichen.<\/p><p>\u00a0<\/p>\t\t\t\t\t\t\t\t<\/div>\n\t\t\t\t<\/div>\n\t\t\t\t\t<\/div>\n\t\t<\/div>\n\t\t\t\t\t<\/div>\n\t\t<\/section>\n\t\t\t\t<\/div>\n\t\t","protected":false},"excerpt":{"rendered":"<p>Aufkleber &#8222;Dicke Buden&#8220; Mit unseren Stickern kannst du jede noch so wichtige Botschaft hinterlassen und auch ohne viele Worte dein passendes Statement an Ort und Stelle hinterlassen. Format: 74mm x 52mm. (Ein wenig kleiner als eine herk\u00f6mmliche EC-Karte) Passt somit in fast jeden Geldbeutel Jetzt mit geschlitzter R\u00fcckseite f\u00fcr leichteres Abziehen Starke Haftung Hergestellt in [&hellip;]<\/p>\n","protected":false},"featured_media":2075,"template":"","meta":{"ocean_post_layout":"","ocean_both_sidebars_style":"","ocean_both_sidebars_content_width":0,"ocean_both_sidebars_sidebars_width":0,"ocean_sidebar":"0","ocean_second_sidebar":"0","ocean_disable_margins":"enable","ocean_add_body_class":"","ocean_shortcode_before_top_bar":"","ocean_shortcode_after_top_bar":"","ocean_shortcode_before_header":"","ocean_shortcode_after_header":"","ocean_has_shortcode":"","ocean_shortcode_after_title":"","ocean_shortcode_before_footer_widgets":"","ocean_shortcode_after_footer_widgets":"","ocean_shortcode_before_footer_bottom":"","ocean_shortcode_after_footer_bottom":"","ocean_display_top_bar":"default","ocean_display_header":"default","ocean_header_style":"","ocean_center_header_left_menu":"0","ocean_custom_header_template":"0","ocean_custom_logo":0,"ocean_custom_retina_logo":0,"ocean_custom_logo_max_width":0,"ocean_custom_logo_tablet_max_width":0,"ocean_custom_logo_mobile_max_width":0,"ocean_custom_logo_max_height":0,"ocean_custom_logo_tablet_max_height":0,"ocean_custom_logo_mobile_max_height":0,"ocean_header_custom_menu":"0","ocean_menu_typo_font_family":"0","ocean_menu_typo_font_subset":"","ocean_menu_typo_font_size":0,"ocean_menu_typo_font_size_tablet":0,"ocean_menu_typo_font_size_mobile":0,"ocean_menu_typo_font_size_unit":"px","ocean_menu_typo_font_weight":"","ocean_menu_typo_font_weight_tablet":"","ocean_menu_typo_font_weight_mobile":"","ocean_menu_typo_transform":"","ocean_menu_typo_transform_tablet":"","ocean_menu_typo_transform_mobile":"","ocean_menu_typo_line_height":0,"ocean_menu_typo_line_height_tablet":0,"ocean_menu_typo_line_height_mobile":0,"ocean_menu_typo_line_height_unit":"","ocean_menu_typo_spacing":0,"ocean_menu_typo_spacing_tablet":0,"ocean_menu_typo_spacing_mobile":0,"ocean_menu_typo_spacing_unit":"","ocean_menu_link_color":"","ocean_menu_link_color_hover":"","ocean_menu_link_color_active":"","ocean_menu_link_background":"","ocean_menu_link_hover_background":"","ocean_menu_link_active_background":"","ocean_menu_social_links_bg":"","ocean_menu_social_hover_links_bg":"","ocean_menu_social_links_color":"","ocean_menu_social_hover_links_color":"","ocean_disable_title":"default","ocean_disable_heading":"default","ocean_post_title":"","ocean_post_subheading":"","ocean_post_title_style":"","ocean_post_title_background_color":"","ocean_post_title_background":0,"ocean_post_title_bg_image_position":"","ocean_post_title_bg_image_attachment":"","ocean_post_title_bg_image_repeat":"","ocean_post_title_bg_image_size":"","ocean_post_title_height":0,"ocean_post_title_bg_overlay":0.5,"ocean_post_title_bg_overlay_color":"","ocean_disable_breadcrumbs":"default","ocean_breadcrumbs_color":"","ocean_breadcrumbs_separator_color":"","ocean_breadcrumbs_links_color":"","ocean_breadcrumbs_links_hover_color":"","ocean_display_footer_widgets":"default","ocean_display_footer_bottom":"default","ocean_custom_footer_template":"0"},"product_brand":[],"product_cat":[50],"product_tag":[43,52,51],"class_list":{"0":"post-2353","1":"product","2":"type-product","3":"status-publish","4":"has-post-thumbnail","6":"product_cat-aufkleber-sticker","7":"product_tag-agrarvideos-schwaben","8":"product_tag-aufkleber","9":"product_tag-sticker","11":"entry","12":"has-media","14":"first","15":"instock","16":"taxable","17":"shipping-taxable","18":"purchasable","19":"product-type-variable","20":"has-product-nav","21":"col","22":"span_1_of_3","23":"owp-content-center","24":"item-entry","25":"owp-thumbs-layout-vertical","26":"owp-btn-very-big","27":"owp-tabs-layout-horizontal","28":"has-no-thumbnails"},"jetpack_sharing_enabled":true,"_links":{"self":[{"href":"https:\/\/agrarvideos-schwaben.de\/index.php\/wp-json\/wp\/v2\/product\/2353","targetHints":{"allow":["GET"]}}],"collection":[{"href":"https:\/\/agrarvideos-schwaben.de\/index.php\/wp-json\/wp\/v2\/product"}],"about":[{"href":"https:\/\/agrarvideos-schwaben.de\/index.php\/wp-json\/wp\/v2\/types\/product"}],"version-history":[{"count":8,"href":"https:\/\/agrarvideos-schwaben.de\/index.php\/wp-json\/wp\/v2\/product\/2353\/revisions"}],"predecessor-version":[{"id":2365,"href":"https:\/\/agrarvideos-schwaben.de\/index.php\/wp-json\/wp\/v2\/product\/2353\/revisions\/2365"}],"wp:featuredmedia":[{"embeddable":true,"href":"https:\/\/agrarvideos-schwaben.de\/index.php\/wp-json\/wp\/v2\/media\/2075"}],"wp:attachment":[{"href":"https:\/\/agrarvideos-schwaben.de\/index.php\/wp-json\/wp\/v2\/media?parent=2353"}],"wp:term":[{"taxonomy":"product_brand","embeddable":true,"href":"https:\/\/agrarvideos-schwaben.de\/index.php\/wp-json\/wp\/v2\/product_brand?post=2353"},{"taxonomy":"product_cat","embeddable":true,"href":"https:\/\/agrarvideos-schwaben.de\/index.php\/wp-json\/wp\/v2\/product_cat?post=2353"},{"taxonomy":"product_tag","embeddable":true,"href":"https:\/\/agrarvideos-schwaben.de\/index.php\/wp-json\/wp\/v2\/product_tag?post=2353"}],"curies":[{"name":"wp","href":"https:\/\/api.w.org\/{rel}","templated":true}]}}