{"id":54,"date":"2020-03-29T11:31:06","date_gmt":"2020-03-29T11:31:06","guid":{"rendered":"https:\/\/agrarvideos-schwaben.de\/index.php\/widerrufsbelehrung\/"},"modified":"2023-03-10T16:19:28","modified_gmt":"2023-03-10T16:19:28","slug":"widerrufsbelehrung","status":"publish","type":"page","link":"https:\/\/agrarvideos-schwaben.de\/index.php\/widerrufsbelehrung\/","title":{"rendered":"WIDERRUFSBELEHRUNG"},"content":{"rendered":"<h1><strong>Widerrufsrecht f\u00fcr Verbraucher<\/strong><\/h1>\n<ul>\n<li>WiderrufsrechtSie haben das Recht, binnen vierzehn Tagen ohne Angabe von Gr\u00fcnden diesen Vertrag zu widerrufen.<strong>Die Widerrufsfrist betr\u00e4gt vierzehn Tage ab dem Tag an dem Sie oder ein von Ihnen benannter Dritter, der nicht der Bef\u00f6rderer ist, die Waren in Besitz genommen haben bzw. hat.<\/strong><strong>Um Ihr Widerrufsrecht auszu\u00fcben, m\u00fcssen Sie mir (Martin Knopf, Ernst Feller Stra\u00dfe 19 in 89415 Lauingen a.d. Donau, TEL: 0160\/6056034, Email: info@agrarvideos-schwaben.de<\/strong><strong>) mittels einer eindeutigen Erkl\u00e4rung (z.B. ein mit der Post versandter Brief oder eine E-Mail) \u00fcber Ihren Entschluss, diesen Vertrag zu widerrufen, informieren. Sie k\u00f6nnen daf\u00fcr das beigef\u00fcgte Muster-Widerrufsformular verwenden, das jedoch nicht vorgeschrieben ist. Sie k\u00f6nnen das Muster- Widerrufsformular oder eine andere eindeutige Erkl\u00e4rung auch auf unserer Webseite (https:\/\/agrarvideos-schwaben.de\/) elektronisch ausf\u00fcllen und \u00fcbermitteln. Machen Sie von dieser M\u00f6glichkeit Gebrauch, so werden wir Ihnen unverz\u00fcglich (z.B. per E-Mail) eine Best\u00e4tigung \u00fcber den Eingang eines solchen Widerrufs \u00fcbermitteln.<\/strong><strong>Zur Wahrung der Widerrufsfrist reicht es aus, dass Sie die Mitteilung \u00fcber die Aus\u00fcbung des Widerrufsrechts vor Ablauf der Widerrufsfrist absenden.<\/strong><strong>Folgen des Widerrufs<\/strong>\n<p><strong>Wenn Sie diesen Vertrag widerrufen, haben wir Ihnen alle Zahlungen, die wir von Ihnen erhalten haben, einschlie\u00dflich der Lieferkosten (mit Ausnahme der zus\u00e4tzlichen Kosten, die sich daraus ergeben, dass Sie eine andere Art der Lieferung als die von uns angebotene, g\u00fcnstigste Standardlieferung gew\u00e4hlt haben), unverz\u00fcglich und sp\u00e4testens binnen vierzehn Tagen ab dem Tag zur\u00fcckzuzahlen, an dem die Mitteilung \u00fcber Ihren Widerruf dieses Vertrags bei uns eingegangen ist. F\u00fcr diese R\u00fcckzahlung verwenden wir dasselbe Zahlungsmittel, das Sie bei der urspr\u00fcnglichen Transaktion eingesetzt haben, es sei denn, mit Ihnen wurde ausdr\u00fccklich etwas anderes vereinbart; in keinem Fall werden Ihnen wegen dieser R\u00fcckzahlung Entgelte berechnet. Wir k\u00f6nnen die R\u00fcckzahlung verweigern, bis wir die Waren wieder zur\u00fcckerhalten haben oder bis Sie den Nachweis erbracht haben, dass Sie die Waren zur\u00fcckgesandt haben, je nachdem, welches der fr\u00fchere Zeitpunkt ist.<\/strong><\/p>\n<p><strong>Sie haben die Waren unverz\u00fcglich und in jedem Fall sp\u00e4testens binnen vierzehn Tagen ab dem Tag, an dem Sie uns \u00fcber den Widerruf dieses Vertrages unterrichten, an uns zur\u00fcckzusenden oder zu \u00fcbergeben. Die Frist ist gewahrt, wenn Sie die Waren vor Ablauf der Frist von vierzehn Tagen absenden.<\/strong><\/p>\n<p><strong>Sie tragen die unmittelbaren Kosten der R\u00fccksendung der Waren.<\/strong><\/p>\n<p><strong>Sie m\u00fcssen f\u00fcr einen etwaigen Wertverlust der Waren nur aufkommen, wenn dieser Wertverlust auf einen zur Pr\u00fcfung der Beschaffenheit, Eigenschaften und Funktionsweise der Waren nicht notwendigen Umgang mit ihnen zur\u00fcckzuf\u00fchren ist.<\/strong><\/p>\n<p><strong>&#8211; Ende der Widerrufsbelehrung\u00a0<\/strong><\/li>\n<li>Ausschluss und vorzeitiges Erl\u00f6schen des Widerrufsrechts<br \/>\nDas Widerrufsrecht besteht nicht bei Vertr\u00e4gen zur Lieferung von Waren die nicht vorgefertigt sind und f\u00fcr deren Herstellung eine individuelle Auswahl oder Bestimmung durch den Verbraucher ma\u00dfgeblich ist oder die eindeutig auf die pers\u00f6nlichen Bed\u00fcrfnisse des Verbrauchers zugeschnitten sind.<br \/>\nDas Widerrufsrecht erlischt vorzeitig bei Vertr\u00e4gen zur Lieferung von Waren, wenn diese nach der Lieferung aufgrund ihrer Beschaffenheit untrennbar mit anderen G\u00fctern vermischt wurden.<\/li>\n<\/ul>\n<p><strong>Muster-Widerrufsformular<\/strong><\/p>\n<p>(Wenn Sie den Vertrag widerrufen wollen, dann f\u00fcllen Sie bitte dieses Formular aus und senden Sie es zur\u00fcck.)<\/p>\n<p>An<\/p>\n<p>Martin Knopf<br \/>\nErnst Feller Stra\u00dfe 19<br \/>\n89415 Lauingen a.d. Donau<\/p>\n<div>E-Mail:<\/div>\n<div>info@agrarvideos-schwaben.de<\/div>\n<p>&nbsp;<\/p>\n<ul>\n<li>Hiermit widerrufe(n) ich\/wir (*) den von mir\/uns (*) abgeschlossenen Vertrag \u00fcber den Kauf der folgenden Waren (*) \/ die Erbringung der folgenden Dienstleistung (*)<br \/>\nDie betreffende Rechnung muss dem Widerruf beigef\u00fcgt werden.<\/li>\n<\/ul>\n<p>&nbsp;<\/p>\n<ul>\n<li>Bestellt am (*) \/ erhalten am (*)<\/li>\n<\/ul>\n<p>&nbsp;<\/p>\n<ul>\n<li>Name des\/ der Verbraucher(s)<\/li>\n<\/ul>\n<p>&nbsp;<\/p>\n<ul>\n<li>Anschrift des\/ der Verbraucher(s)<\/li>\n<\/ul>\n<p>&nbsp;<\/p>\n<ul>\n<li>Unterschrift des\/der Verbraucher(s) (nur bei Mitteilung auf Papier)<\/li>\n<\/ul>\n<p>&nbsp;<\/p>\n<ul>\n<li>Datum<\/li>\n<\/ul>\n<p>\u2026\u2026\u2026\u2026\u2026\u2026\u2026\u2026\u2026\u2026\u2026\u2026\u2026\u2026\u2026\u2026\u2026\u2026\u2026\u2026\u2026\u2026\u2026\u2026\u2026\u2026<\/p>\n<p>(*) Unzutreffendes streichen.<\/p>\n","protected":false},"excerpt":{"rendered":"<p>Widerrufsrecht f\u00fcr Verbraucher WiderrufsrechtSie haben das Recht, binnen vierzehn Tagen ohne Angabe von Gr\u00fcnden diesen Vertrag zu widerrufen.Die Widerrufsfrist betr\u00e4gt vierzehn Tage ab dem Tag an dem Sie oder ein von Ihnen benannter Dritter, der nicht der Bef\u00f6rderer ist, die Waren in Besitz genommen haben bzw. hat.Um Ihr Widerrufsrecht auszu\u00fcben, m\u00fcssen Sie mir (Martin Knopf, [&hellip;]<\/p>\n","protected":false},"author":1,"featured_media":0,"parent":0,"menu_order":0,"comment_status":"closed","ping_status":"closed","template":"","meta":{"ocean_post_layout":"","ocean_both_sidebars_style":"","ocean_both_sidebars_content_width":0,"ocean_both_sidebars_sidebars_width":0,"ocean_sidebar":"0","ocean_second_sidebar":"0","ocean_disable_margins":"enable","ocean_add_body_class":"","ocean_shortcode_before_top_bar":"","ocean_shortcode_after_top_bar":"","ocean_shortcode_before_header":"","ocean_shortcode_after_header":"","ocean_has_shortcode":"","ocean_shortcode_after_title":"","ocean_shortcode_before_footer_widgets":"","ocean_shortcode_after_footer_widgets":"","ocean_shortcode_before_footer_bottom":"","ocean_shortcode_after_footer_bottom":"","ocean_display_top_bar":"default","ocean_display_header":"default","ocean_header_style":"","ocean_center_header_left_menu":"0","ocean_custom_header_template":"0","ocean_custom_logo":0,"ocean_custom_retina_logo":0,"ocean_custom_logo_max_width":0,"ocean_custom_logo_tablet_max_width":0,"ocean_custom_logo_mobile_max_width":0,"ocean_custom_logo_max_height":0,"ocean_custom_logo_tablet_max_height":0,"ocean_custom_logo_mobile_max_height":0,"ocean_header_custom_menu":"0","ocean_menu_typo_font_family":"0","ocean_menu_typo_font_subset":"","ocean_menu_typo_font_size":0,"ocean_menu_typo_font_size_tablet":0,"ocean_menu_typo_font_size_mobile":0,"ocean_menu_typo_font_size_unit":"px","ocean_menu_typo_font_weight":"","ocean_menu_typo_font_weight_tablet":"","ocean_menu_typo_font_weight_mobile":"","ocean_menu_typo_transform":"","ocean_menu_typo_transform_tablet":"","ocean_menu_typo_transform_mobile":"","ocean_menu_typo_line_height":0,"ocean_menu_typo_line_height_tablet":0,"ocean_menu_typo_line_height_mobile":0,"ocean_menu_typo_line_height_unit":"","ocean_menu_typo_spacing":0,"ocean_menu_typo_spacing_tablet":0,"ocean_menu_typo_spacing_mobile":0,"ocean_menu_typo_spacing_unit":"","ocean_menu_link_color":"","ocean_menu_link_color_hover":"","ocean_menu_link_color_active":"","ocean_menu_link_background":"","ocean_menu_link_hover_background":"","ocean_menu_link_active_background":"","ocean_menu_social_links_bg":"","ocean_menu_social_hover_links_bg":"","ocean_menu_social_links_color":"","ocean_menu_social_hover_links_color":"","ocean_disable_title":"default","ocean_disable_heading":"default","ocean_post_title":"","ocean_post_subheading":"","ocean_post_title_style":"","ocean_post_title_background_color":"","ocean_post_title_background":0,"ocean_post_title_bg_image_position":"","ocean_post_title_bg_image_attachment":"","ocean_post_title_bg_image_repeat":"","ocean_post_title_bg_image_size":"","ocean_post_title_height":0,"ocean_post_title_bg_overlay":0.5,"ocean_post_title_bg_overlay_color":"","ocean_disable_breadcrumbs":"default","ocean_breadcrumbs_color":"","ocean_breadcrumbs_separator_color":"","ocean_breadcrumbs_links_color":"","ocean_breadcrumbs_links_hover_color":"","ocean_display_footer_widgets":"default","ocean_display_footer_bottom":"default","ocean_custom_footer_template":"0","footnotes":""},"class_list":["post-54","page","type-page","status-publish","hentry","entry","owp-thumbs-layout-vertical","owp-btn-very-big","owp-tabs-layout-horizontal","has-no-thumbnails","has-product-nav"],"jetpack_sharing_enabled":true,"_links":{"self":[{"href":"https:\/\/agrarvideos-schwaben.de\/index.php\/wp-json\/wp\/v2\/pages\/54","targetHints":{"allow":["GET"]}}],"collection":[{"href":"https:\/\/agrarvideos-schwaben.de\/index.php\/wp-json\/wp\/v2\/pages"}],"about":[{"href":"https:\/\/agrarvideos-schwaben.de\/index.php\/wp-json\/wp\/v2\/types\/page"}],"author":[{"embeddable":true,"href":"https:\/\/agrarvideos-schwaben.de\/index.php\/wp-json\/wp\/v2\/users\/1"}],"replies":[{"embeddable":true,"href":"https:\/\/agrarvideos-schwaben.de\/index.php\/wp-json\/wp\/v2\/comments?post=54"}],"version-history":[{"count":8,"href":"https:\/\/agrarvideos-schwaben.de\/index.php\/wp-json\/wp\/v2\/pages\/54\/revisions"}],"predecessor-version":[{"id":1096,"href":"https:\/\/agrarvideos-schwaben.de\/index.php\/wp-json\/wp\/v2\/pages\/54\/revisions\/1096"}],"wp:attachment":[{"href":"https:\/\/agrarvideos-schwaben.de\/index.php\/wp-json\/wp\/v2\/media?parent=54"}],"curies":[{"name":"wp","href":"https:\/\/api.w.org\/{rel}","templated":true}]}}